{"id":12964,"date":"2024-02-01T17:52:33","date_gmt":"2024-02-01T16:52:33","guid":{"rendered":"https:\/\/www.erdmann-flohmaerkte.de\/wordpress\/?page_id=12964"},"modified":"2024-02-01T17:52:33","modified_gmt":"2024-02-01T16:52:33","slug":"reservierung-38239-%c2%b7-sz-thiede-%c2%b7-schaeferwiese-15-%c2%b7-rewe-center","status":"publish","type":"page","link":"https:\/\/www.erdmann-flohmaerkte.de\/wordpress\/reservierung-38239-%c2%b7-sz-thiede-%c2%b7-schaeferwiese-15-%c2%b7-rewe-center\/","title":{"rendered":"Reservierung 38239 \u00b7 SZ-Thiede \u00b7 Sch\u00e4ferwiese 15 \u00b7 REWE Center"},"content":{"rendered":"\n<div class=\"wpcf7 no-js\" id=\"wpcf7-f12965-o1\" lang=\"de-DE\" dir=\"ltr\" data-wpcf7-id=\"12965\">\n<div class=\"screen-reader-response\"><p role=\"status\" aria-live=\"polite\" aria-atomic=\"true\"><\/p> <ul><\/ul><\/div>\n<form action=\"\/wordpress\/wp-json\/wp\/v2\/pages\/12964#wpcf7-f12965-o1\" method=\"post\" class=\"wpcf7-form init\" aria-label=\"Kontaktformular\" novalidate=\"novalidate\" data-status=\"init\">\n<fieldset class=\"hidden-fields-container\"><input type=\"hidden\" name=\"_wpcf7\" value=\"12965\" \/><input type=\"hidden\" name=\"_wpcf7_version\" value=\"6.1.5\" \/><input type=\"hidden\" name=\"_wpcf7_locale\" value=\"de_DE\" \/><input type=\"hidden\" name=\"_wpcf7_unit_tag\" value=\"wpcf7-f12965-o1\" \/><input type=\"hidden\" name=\"_wpcf7_container_post\" value=\"0\" \/><input type=\"hidden\" name=\"_wpcf7_posted_data_hash\" value=\"\" \/><input type=\"hidden\" name=\"_wpcf7cf_hidden_group_fields\" value=\"[]\" \/><input type=\"hidden\" name=\"_wpcf7cf_hidden_groups\" value=\"[]\" \/><input type=\"hidden\" name=\"_wpcf7cf_visible_groups\" value=\"[]\" \/><input type=\"hidden\" name=\"_wpcf7cf_repeaters\" value=\"[]\" \/><input type=\"hidden\" name=\"_wpcf7cf_steps\" value=\"{}\" \/><input type=\"hidden\" name=\"_wpcf7cf_options\" value=\"{&quot;form_id&quot;:12965,&quot;conditions&quot;:[],&quot;settings&quot;:{&quot;animation&quot;:&quot;yes&quot;,&quot;animation_intime&quot;:200,&quot;animation_outtime&quot;:200,&quot;conditions_ui&quot;:&quot;normal&quot;,&quot;notice_dismissed&quot;:false,&quot;notice_dismissed_rollback-cf7-5.9.2&quot;:true}}\" \/><input type=\"hidden\" name=\"_wpcf7_recaptcha_response\" value=\"\" \/>\n<\/fieldset>\n<p>Standreservierungen f\u00fcr Tr\u00f6del sind NICHT zwingend erforderlich, werden aber immer dann empfohlen, wenn es sich um einen sehr stark von H\u00e4ndlern frequentierten Markt handelt. Auch wenn Sie Wert auf einen bestimmten Platz legen oder den Marktplatz morgens etwas sp\u00e4ter aufsuchen m\u00f6chten, macht eine Reservierung Sinn...\n<\/p>\n<p>Bitte nehmen Sie f\u00fcr mich folgende Reservierung vor:<br \/>\nVeranstaltungsort: 38239 \u00b7 SZ-Thiede \u00b7 Sch\u00e4ferwiese 15 \u00b7 REWE Center\n<\/p>\n<p><label> Veranstaltungsdatum (Pflichtfeld) <\/label><span class=\"wpcf7-form-control-wrap\" data-name=\"Datum\"><select class=\"wpcf7-form-control wpcf7-select wpcf7-validates-as-required\" aria-required=\"true\" aria-invalid=\"false\" multiple=\"multiple\" name=\"Datum[]\"><option value=\"So, 15.09.2024\">So, 15.09.2024<\/option><option value=\"So, 20.10.2024\">So, 20.10.2024<\/option><\/select><\/span><br \/>\n<label> Standl\u00e4nge in Metern (Pflichtfeld) <\/label><span class=\"wpcf7-form-control-wrap\" data-name=\"Standlaenge\"><select class=\"wpcf7-form-control wpcf7-select wpcf7-validates-as-required\" aria-required=\"true\" aria-invalid=\"false\" name=\"Standlaenge\"><option value=\"2 Meter\">2 Meter<\/option><option value=\"3 Meter\">3 Meter<\/option><option value=\"4 Meter\">4 Meter<\/option><option value=\"5 Meter\">5 Meter<\/option><option value=\"6 Meter\">6 Meter<\/option><option value=\"7 Meter\">7 Meter<\/option><option value=\"8 Meter\">8 Meter<\/option><option value=\"9 Meter\">9 Meter<\/option><option value=\"10 Meter\">10 Meter<\/option><option value=\"11 Meter\">11 Meter<\/option><option value=\"12 Meter\">12 Meter<\/option><option value=\"13 Meter\">13 Meter<\/option><option value=\"14 Meter\">14 Meter<\/option><option value=\"15 Meter\">15 Meter<\/option><\/select><\/span>\n<\/p>\n<p><span class=\"wpcf7-form-control-wrap\" data-name=\"troedel\"><span class=\"wpcf7-form-control wpcf7-checkbox wpcf7-validates-as-required\"><span class=\"wpcf7-list-item first\"><input type=\"checkbox\" name=\"troedel[]\" value=\"Tr\u00f6del\/Gebrauchtes\" \/><span class=\"wpcf7-list-item-label\">Tr\u00f6del\/Gebrauchtes<\/span><\/span><span class=\"wpcf7-list-item\"><input type=\"checkbox\" name=\"troedel[]\" value=\"Neuware\" \/><span class=\"wpcf7-list-item-label\">Neuware<\/span><\/span><span class=\"wpcf7-list-item last\"><input type=\"checkbox\" name=\"troedel[]\" value=\"Nahrungs-\/Genussmittel\" \/><span class=\"wpcf7-list-item-label\">Nahrungs-\/Genussmittel<\/span><\/span><\/span><\/span>\n<\/p>\n<p><label> N\u00e4here Angaben zum Warenangebot (NUR erforderlich, wenn 'Neuware' oder 'Nahrungs-\/Genussmitttel' angekreuzt wurde! <\/label><br \/>\n<span class=\"wpcf7-form-control-wrap\" data-name=\"warenangebot\"><textarea cols=\"40\" rows=\"10\" maxlength=\"2000\" class=\"wpcf7-form-control wpcf7-textarea\" aria-invalid=\"false\" name=\"warenangebot\"><\/textarea><\/span>\n<\/p>\n<p><label> Sonstige Mitteilungen <\/label><br \/>\n<span class=\"wpcf7-form-control-wrap\" data-name=\"comments\"><textarea cols=\"40\" rows=\"10\" maxlength=\"2000\" class=\"wpcf7-form-control wpcf7-textarea\" aria-invalid=\"false\" name=\"comments\"><\/textarea><\/span>\n<\/p>\n<p>Mir ist bekannt, dass ein rechtsverbindlicher Vertrag erst mit dem Erhalt<br \/>\neiner Auftragsbest\u00e4tigung zustande kommt.<br \/>\nReservierte Pl\u00e4tze m\u00fcssen, wenn nicht ausdr\u00fccklich etwas anderes vereinbart wurde, bis sp\u00e4testens 8.00 Uhr eingenommen werden.<br \/>\nDer Veranstalter hat in F\u00e4llen, in denen reservierte Pl\u00e4tze nicht eingenommen wurden<br \/>\nund auch nicht anderweitig vergeben werden konnten, Anspruch auf das volle Standgeld.\n<\/p>\n<p>Nachfolgend meine Absenderangaben:<br \/>\n<label> VORname (Pflichtfeld) <\/label><span class=\"wpcf7-form-control-wrap\" data-name=\"VORname\"><input size=\"40\" maxlength=\"400\" class=\"wpcf7-form-control wpcf7-text wpcf7-validates-as-required\" aria-required=\"true\" aria-invalid=\"false\" value=\"\" type=\"text\" name=\"VORname\" \/><\/span><br \/>\n<label> NACHname (Pflichtfeld) <\/label><span class=\"wpcf7-form-control-wrap\" data-name=\"NACHname\"><input size=\"40\" maxlength=\"400\" class=\"wpcf7-form-control wpcf7-text wpcf7-validates-as-required\" aria-required=\"true\" aria-invalid=\"false\" value=\"\" type=\"text\" name=\"NACHname\" \/><\/span><br \/>\n<label> Stra\u00dfe\/Haus-Nr. (Pflichtfeld) <\/label><span class=\"wpcf7-form-control-wrap\" data-name=\"str\"><input size=\"40\" maxlength=\"400\" class=\"wpcf7-form-control wpcf7-text wpcf7-validates-as-required\" aria-required=\"true\" aria-invalid=\"false\" value=\"\" type=\"text\" name=\"str\" \/><\/span><br \/>\n<label> Postleitzahl (Pflichtfeld) <\/label><span class=\"wpcf7-form-control-wrap\" data-name=\"plz\"><input size=\"40\" maxlength=\"400\" class=\"wpcf7-form-control wpcf7-text wpcf7-validates-as-required\" aria-required=\"true\" aria-invalid=\"false\" value=\"\" type=\"text\" name=\"plz\" \/><\/span><br \/>\n<label> Ort, ggf. Ortsteil (Pflichtfeld) <\/label><span class=\"wpcf7-form-control-wrap\" data-name=\"ort\"><input size=\"40\" maxlength=\"400\" class=\"wpcf7-form-control wpcf7-text wpcf7-validates-as-required\" aria-required=\"true\" aria-invalid=\"false\" value=\"\" type=\"text\" name=\"ort\" \/><\/span><br \/>\n<label> Ihre E-Mail-Adresse (Pflichtfeld) <\/label><span class=\"wpcf7-form-control-wrap\" data-name=\"email\"><input size=\"40\" maxlength=\"400\" class=\"wpcf7-form-control wpcf7-email wpcf7-validates-as-required wpcf7-text wpcf7-validates-as-email\" aria-required=\"true\" aria-invalid=\"false\" value=\"\" type=\"email\" name=\"email\" \/><\/span><br \/>\n<label> Telefon (Pflichtfeld) <\/label><span class=\"wpcf7-form-control-wrap\" data-name=\"tel\"><input size=\"40\" maxlength=\"400\" class=\"wpcf7-form-control wpcf7-text wpcf7-validates-as-required\" aria-required=\"true\" aria-invalid=\"false\" value=\"\" type=\"text\" name=\"tel\" \/><\/span>\n<\/p>\n\n<p><input class=\"wpcf7-form-control wpcf7-submit has-spinner\" type=\"submit\" value=\"Senden\" \/>\n<\/p><p style=\"display: none !important;\" class=\"akismet-fields-container\" data-prefix=\"_wpcf7_ak_\"><label>&#916;<textarea name=\"_wpcf7_ak_hp_textarea\" cols=\"45\" rows=\"8\" maxlength=\"100\"><\/textarea><\/label><input type=\"hidden\" id=\"ak_js_1\" name=\"_wpcf7_ak_js\" value=\"194\"\/><script>document.getElementById( \"ak_js_1\" ).setAttribute( \"value\", ( new Date() ).getTime() );<\/script><\/p><div class=\"wpcf7-response-output\" aria-hidden=\"true\"><\/div>\n<\/form>\n<\/div>\n\n","protected":false},"excerpt":{"rendered":"","protected":false},"author":1,"featured_media":0,"parent":0,"menu_order":0,"comment_status":"closed","ping_status":"closed","template":"","meta":{"_mo_disable_npp":"","jetpack_post_was_ever_published":false,"footnotes":""},"class_list":["post-12964","page","type-page","status-publish","hentry"],"aioseo_notices":[],"jetpack_sharing_enabled":true,"jetpack_shortlink":"https:\/\/wp.me\/P9C8Ba-3n6","jetpack_likes_enabled":true,"post_mailing_queue_ids":[],"_links":{"self":[{"href":"https:\/\/www.erdmann-flohmaerkte.de\/wordpress\/wp-json\/wp\/v2\/pages\/12964","targetHints":{"allow":["GET"]}}],"collection":[{"href":"https:\/\/www.erdmann-flohmaerkte.de\/wordpress\/wp-json\/wp\/v2\/pages"}],"about":[{"href":"https:\/\/www.erdmann-flohmaerkte.de\/wordpress\/wp-json\/wp\/v2\/types\/page"}],"author":[{"embeddable":true,"href":"https:\/\/www.erdmann-flohmaerkte.de\/wordpress\/wp-json\/wp\/v2\/users\/1"}],"replies":[{"embeddable":true,"href":"https:\/\/www.erdmann-flohmaerkte.de\/wordpress\/wp-json\/wp\/v2\/comments?post=12964"}],"version-history":[{"count":1,"href":"https:\/\/www.erdmann-flohmaerkte.de\/wordpress\/wp-json\/wp\/v2\/pages\/12964\/revisions"}],"predecessor-version":[{"id":12968,"href":"https:\/\/www.erdmann-flohmaerkte.de\/wordpress\/wp-json\/wp\/v2\/pages\/12964\/revisions\/12968"}],"wp:attachment":[{"href":"https:\/\/www.erdmann-flohmaerkte.de\/wordpress\/wp-json\/wp\/v2\/media?parent=12964"}],"curies":[{"name":"wp","href":"https:\/\/api.w.org\/{rel}","templated":true}]}}