{"id":373,"date":"2018-01-31T13:45:20","date_gmt":"2018-01-31T12:45:20","guid":{"rendered":"http:\/\/www.erdmann-flohmaerkte.de\/wordpress\/?page_id=373"},"modified":"2018-01-31T13:45:20","modified_gmt":"2018-01-31T12:45:20","slug":"disclaimer","status":"publish","type":"page","link":"https:\/\/www.erdmann-flohmaerkte.de\/wordpress\/disclaimer\/","title":{"rendered":"Disclaimer"},"content":{"rendered":"<p><strong>Inhaltliche Haftung<\/strong><\/p>\n<p>Alle Inhalte dieser Website wurden mit gr\u00f6\u00dfter Sorgfalt erstellt. Dennoch lassen sich Fehler und Irrt\u00fcmer nie ganz ausschlie\u00dfen. F\u00fcr die Richtigkeit, Vollst\u00e4ndigkeit und Aktualit\u00e4t der hier pr\u00e4sentierten Inhalte und Daten kann deshalb keine Gew\u00e4hr \u00fcbernommen werden. Eine Haftung f\u00fcr ausgefallene M\u00e4rkte wird ebenso ausgeschlossen wie Schadenersatzanspr\u00fcche, soweit der Schaden nicht durch vors\u00e4tzliches oder grob fahrl\u00e4ssiges Verhalten herbeigef\u00fchrt wurde.<\/p>\n<p><strong>Haftung f\u00fcr Links<\/strong><\/p>\n<p>Diese Internetpr\u00e4senz enth\u00e4lt Links zu externen, nicht von uns erstellten Websites, auf deren Inhalte wir keinen Einfluss haben. Deshalb k\u00f6nnen wir f\u00fcr die Richtigkeit, Qualit\u00e4t oder Aktualit\u00e4t der Inhalte der verlinkten Seiten keine Gew\u00e4hr \u00fcbernehmen. Verantwortlich f\u00fcr die angebotenen Informationen in Text, Bild und Ton ist ausschlie\u00dflich der jeweilige Betreiber. Alle von uns verlinkten Seiten wurden unmittelbar vor der Verlinkung auf m\u00f6gliche Rechtsverst\u00f6\u00dfe \u00fcberpr\u00fcft, dabei waren keine rechtswidrigen Inhalte erkennbar. Eine st\u00e4ndige Kontrolle auf Rechtsverletzungen ohne konkreten Anlass w\u00e4re jedoch unzumutbar. Sollten wir in irgendeiner Form Kenntnis von rechtswidrigen Inhalten erlangen, werden wir die entsprechenden Links unverz\u00fcglich entfernen.<\/p>\n<p><strong>Kleinanzeigen<\/strong><\/p>\n<p>Wir bieten jedem Besucher dieser Website die M\u00f6glichkeit, in der Rubrik \u201eKleinanzeigen\u201c kostenlos bis zu 5 Textannoncen gleichzeitig zu schalten. Hierbei handelt es sich um ein freiwilliges, jederzeit widerrufbares Angebot. Nicht zur Ver\u00f6ffentlichung gelangen Kleinanzeigen, deren Inhalt gegen geltendes Recht oder gute Sitten verst\u00f6\u00dft sowie Veranstaltungsdaten konkurrierender Unternehmen oder Einzelpersonen. Wir behalten uns \u00fcberdies vor, die Ver\u00f6ffentlichung von Anzeigentexten auch ohne Angabe von Gr\u00fcnden abzulehnen. Mit vom beschr\u00e4nkten Platzangebot her diktierten K\u00fcrzungen der \u00fcbermittelten Anzeigentexte sowie Korrekturen (Formulierung, Rechtschreibung, Zeichensetzung) erkl\u00e4rt sich der Inserent ausdr\u00fccklich einverstanden. Eine Haftung f\u00fcr aus den ver\u00f6ffentlichten Anzeigen resultierende Folgen wird ebenso ausgeschlossen wie Schadenersatzanspr\u00fcche, soweit der Schaden nicht durch vors\u00e4tzliches oder grob fahrl\u00e4ssiges Verhalten herbeigef\u00fchrt wurde.<\/p>\n<p><strong>Datenschutz<\/strong><\/p>\n<p>Soweit auf dieser Internetpr\u00e4senz personenbezogene Daten von Privatpersonen erhoben werden, etwa im Zusammenhang mit Mail-Anfragen, dem Abonnieren unseres Newsletters, dem Aufgeben von Kleinanzeigen oder der Beteiligung an von uns veranstalteten Umfragen und Gewinnspielen, erfolgt deren Erhebung ausschlie\u00dflich auf freiwilliger Basis. Alle mitgeteilten Daten werden gem\u00e4\u00df den Bestimmungen des deutschen Datenschutzrechts verwendet. Gem\u00e4\u00df \u00a7 28 Bundesdatenschutzgesetz (BDSG) machen wir darauf aufmerksam, dass die erhobenen Daten im Rahmen des f\u00fcr die jeweilige Abwicklung erforderlichen Umfangs mittels einer EDV-Anlage gem\u00e4\u00df \u00a7 33 BDSG verarbeitet und gespeichert werden. Pers\u00f6nliche Daten werden von uns absolut vertraulich behandelt und nicht an Dritte weitergegeben, soweit diese nicht mit der Abwicklung des jeweiligen Anliegens in unmittelbarem Zusammenhang stehen. Sie k\u00f6nnen jederzeit eine L\u00f6schung Ihrer bei uns gespeicherten Daten verlangen, Ihrem Wunsch wird dann umgehend entsprochen. Hierf\u00fcr gen\u00fcgt eine kurze Mitteilung in Form einer E-Mail.<\/p>\n<p>Einige Angaben \u00fcber Ihre Computerhard- und -software, Ihre IP und deren regionale Zugeh\u00f6rigkeit sowie die Dauer Ihres Aufenthalts auf dieser Internetpr\u00e4senz und die Anzahl der von Ihnen aufgerufenen Seiten werden von unserem Provider automatisch erfasst und uns in Form von statistischen Daten zur Verf\u00fcgung gestellt. Dieses Datenmaterial wird ausschlie\u00dflich f\u00fcr die Erstellung allgemeiner Statistiken, die der Verbesserung der Angebotsqualit\u00e4t dienen sollen, verwendet. Eine Zuordnung der so erfassten Daten zu bestimmten nat\u00fcrlichen oder juristischen Personen erfolgt nicht.<\/p>\n<p><strong>Verletzung von Schutzrechten<\/strong><\/p>\n<p>Sollten Sie Grund zu der Annahme haben, dass auf dieser Internetpr\u00e4senz eines Ihrer Schutzrechte verletzt wird, teilen Sie uns dies bitte umgehend per E-Mail mit, wir werden dann unverz\u00fcglich f\u00fcr Abhilfe sorgen. Bitte beachten Sie, dass die wesentlich zeitaufw\u00e4ndigere Einschaltung eines Anwalts zum Zwecke der kostenpflichtigen Abmahnung weder unserem tats\u00e4chlichen noch mutma\u00dflichen Willen entspricht und auch nicht erforderlich ist, da wir bestehende Schutzrechte vorbehaltlos anerkennen.<\/p>\n<p><strong>Eigene Daten<\/strong><\/p>\n<p>Einer Nutzung unserer eigenen auf dieser Website ver\u00f6ffentlichten Daten zur \u00dcbersendung von nicht angefordertem Werbe-, Informations- oder sonstigem Material auf postalischem oder elektronischem Weg bzw. der Weitergabe unserer Daten an Dritte zu den vorgenannten Zwecken widersprechen wir hiermit explizit. F\u00fcr den Fall eines Versto\u00dfes behalten wir uns rechtliche Schritte vor.<\/p>\n","protected":false},"excerpt":{"rendered":"<p>Inhaltliche Haftung Alle Inhalte dieser Website wurden mit gr\u00f6\u00dfter Sorgfalt erstellt. Dennoch lassen sich Fehler und Irrt\u00fcmer nie ganz ausschlie\u00dfen. F\u00fcr die Richtigkeit, Vollst\u00e4ndigkeit und<\/p>\n","protected":false},"author":1,"featured_media":0,"parent":0,"menu_order":0,"comment_status":"closed","ping_status":"closed","template":"","meta":{"_mo_disable_npp":"","jetpack_post_was_ever_published":false,"footnotes":""},"class_list":["post-373","page","type-page","status-publish","hentry"],"aioseo_notices":[],"jetpack_sharing_enabled":true,"jetpack_shortlink":"https:\/\/wp.me\/P9C8Ba-61","jetpack_likes_enabled":true,"post_mailing_queue_ids":[],"_links":{"self":[{"href":"https:\/\/www.erdmann-flohmaerkte.de\/wordpress\/wp-json\/wp\/v2\/pages\/373","targetHints":{"allow":["GET"]}}],"collection":[{"href":"https:\/\/www.erdmann-flohmaerkte.de\/wordpress\/wp-json\/wp\/v2\/pages"}],"about":[{"href":"https:\/\/www.erdmann-flohmaerkte.de\/wordpress\/wp-json\/wp\/v2\/types\/page"}],"author":[{"embeddable":true,"href":"https:\/\/www.erdmann-flohmaerkte.de\/wordpress\/wp-json\/wp\/v2\/users\/1"}],"replies":[{"embeddable":true,"href":"https:\/\/www.erdmann-flohmaerkte.de\/wordpress\/wp-json\/wp\/v2\/comments?post=373"}],"version-history":[{"count":1,"href":"https:\/\/www.erdmann-flohmaerkte.de\/wordpress\/wp-json\/wp\/v2\/pages\/373\/revisions"}],"predecessor-version":[{"id":374,"href":"https:\/\/www.erdmann-flohmaerkte.de\/wordpress\/wp-json\/wp\/v2\/pages\/373\/revisions\/374"}],"wp:attachment":[{"href":"https:\/\/www.erdmann-flohmaerkte.de\/wordpress\/wp-json\/wp\/v2\/media?parent=373"}],"curies":[{"name":"wp","href":"https:\/\/api.w.org\/{rel}","templated":true}]}}