{"id":375,"date":"2018-01-31T13:47:51","date_gmt":"2018-01-31T12:47:51","guid":{"rendered":"http:\/\/www.erdmann-flohmaerkte.de\/wordpress\/?page_id=375"},"modified":"2020-08-26T12:34:31","modified_gmt":"2020-08-26T10:34:31","slug":"impressum","status":"publish","type":"page","link":"https:\/\/www.erdmann-flohmaerkte.de\/wordpress\/impressum\/","title":{"rendered":"Impressum"},"content":{"rendered":"<p style=\"text-align: left;\">Betreiber dieser Internetpr\u00e4senz und inhaltlich<br \/>\nverantwortlich im Sinne von \u00a7 10 Absatz 3 MDStV:<\/p>\n<p style=\"text-align: left;\">Wilhelm Erdmann<br \/>\nSundernweg 1<br \/>\n38312 B\u00f6r\u00dfum<\/p>\n<p style=\"text-align: left;\">Telefon Festnetz: (05337) 348 99 99<br \/>\nTelefon mobil: (0170) 543 33 03<br \/>\nFax: (05337) 348 99 98<\/p>\n<p style=\"text-align: left;\"><a href=\"mailto:info@erdmann-veranstaltungen.de\">E-Mail schreiben<\/a><\/p>\n<p style=\"text-align: left;\">Steuer-Nr.: 51\/111\/05685<\/p>\n<p style=\"text-align: left;\">\u00a9 f\u00fcr s\u00e4mtliche Inhalte, soweit nicht ausdr\u00fccklich anders vermerkt, 2006-2018 by Willi Erdmann. Alle Rechte vorbehalten. Der Inhalt dieser Internetpr\u00e4senz ist urheberrechtlich gesch\u00fctzt. Nachdruck, Aufnahme in Online-Dienste oder externe Websites sowie Vervielf\u00e4ltigung auf Datentr\u00e4gern jeglicher Art, auch auszugsweise, nur nach vorheriger schriftlicher Genehmigung. Eine kommerzielle Weiterverwertung des Inhalts ist untersagt.<\/p>\n<p><a href=\"http:\/\/erdmann-flohmaerkte.de\/wordpress\/wp-login.php\">.<\/a><\/p>\n","protected":false},"excerpt":{"rendered":"<p>Betreiber dieser Internetpr\u00e4senz und inhaltlich verantwortlich im Sinne von \u00a7 10 Absatz 3 MDStV: Wilhelm Erdmann Sundernweg 1 38312 B\u00f6r\u00dfum Telefon Festnetz: (05337) 348 99<\/p>\n","protected":false},"author":1,"featured_media":0,"parent":0,"menu_order":0,"comment_status":"closed","ping_status":"closed","template":"","meta":{"_mo_disable_npp":"","jetpack_post_was_ever_published":false,"footnotes":""},"class_list":["post-375","page","type-page","status-publish","hentry"],"aioseo_notices":[],"jetpack_sharing_enabled":true,"jetpack_shortlink":"https:\/\/wp.me\/P9C8Ba-63","jetpack_likes_enabled":true,"post_mailing_queue_ids":[],"_links":{"self":[{"href":"https:\/\/www.erdmann-flohmaerkte.de\/wordpress\/wp-json\/wp\/v2\/pages\/375","targetHints":{"allow":["GET"]}}],"collection":[{"href":"https:\/\/www.erdmann-flohmaerkte.de\/wordpress\/wp-json\/wp\/v2\/pages"}],"about":[{"href":"https:\/\/www.erdmann-flohmaerkte.de\/wordpress\/wp-json\/wp\/v2\/types\/page"}],"author":[{"embeddable":true,"href":"https:\/\/www.erdmann-flohmaerkte.de\/wordpress\/wp-json\/wp\/v2\/users\/1"}],"replies":[{"embeddable":true,"href":"https:\/\/www.erdmann-flohmaerkte.de\/wordpress\/wp-json\/wp\/v2\/comments?post=375"}],"version-history":[{"count":6,"href":"https:\/\/www.erdmann-flohmaerkte.de\/wordpress\/wp-json\/wp\/v2\/pages\/375\/revisions"}],"predecessor-version":[{"id":9325,"href":"https:\/\/www.erdmann-flohmaerkte.de\/wordpress\/wp-json\/wp\/v2\/pages\/375\/revisions\/9325"}],"wp:attachment":[{"href":"https:\/\/www.erdmann-flohmaerkte.de\/wordpress\/wp-json\/wp\/v2\/media?parent=375"}],"curies":[{"name":"wp","href":"https:\/\/api.w.org\/{rel}","templated":true}]}}