{"id":378,"date":"2018-01-31T13:48:47","date_gmt":"2018-01-31T12:48:47","guid":{"rendered":"http:\/\/www.erdmann-flohmaerkte.de\/wordpress\/?page_id=378"},"modified":"2018-01-31T13:49:11","modified_gmt":"2018-01-31T12:49:11","slug":"wir-ueber-uns","status":"publish","type":"page","link":"https:\/\/www.erdmann-flohmaerkte.de\/wordpress\/wir-ueber-uns\/","title":{"rendered":"Wir \u00fcber uns"},"content":{"rendered":"<p><a class=\"media\" title=\"\" href=\"http:\/\/www.erdmann-flohmaerkte.de\/lib\/exe\/detail.php?id=ueberuns%3Aueberuns&amp;media=erdmann:about_top.gif\" target=\"plain\" data-rel=\"lightbox-gallery-l59irTBd\" data-rl_title=\"\" data-rl_caption=\"\"><img decoding=\"async\" class=\"media\" src=\"http:\/\/www.erdmann-flohmaerkte.de\/lib\/exe\/fetch.php?media=erdmann:about_top.gif\" alt=\"\" \/><\/a><\/p>\n<p>Alles begann 1999. Damals fand in Salzgitter-Bad auf dem Parkplatz des damaligen V-Marktes unser allererster Markt statt, und im Vorfeld gab es allerlei Hektik und immer wieder die bange Frage: \u201eNa, ob das wohl gutgeht?\u201c Es ging! Den V-Markt gibt es dort schon lange nicht mehr, aber wir sind immer noch \u201edabei\u201c und haben uns inzwischen zu einem der gr\u00f6\u00dften Flohmarkt-Veranstalter der Region entwickelt.<\/p>\n<p>In Salzgitter-Bad sind wir nach wie vor aktiv, genau da, wo alles anfing (aus dem V-Markt wurde zwischenzeitlich ein E-Center): an jedem ersten Sonntag des Monats und w\u00e4hrend der Saison \u00fcberdies mit unserem samst\u00e4glichen Sp\u00e4tmarkt. Hinzu gesellten sich eine Reihe weiterer Veranstaltungsorte, etwa Bad Harzburg, Braunschweig, Gifhorn, Goslar, Harlingerode, Hildesheim, Langelsheim, Meine, Osterode, Peine und nat\u00fcrlich Wolfenb\u00fcttel.<\/p>\n","protected":false},"excerpt":{"rendered":"<p>Alles begann 1999. Damals fand in Salzgitter-Bad auf dem Parkplatz des damaligen V-Marktes unser allererster Markt statt, und im Vorfeld gab es allerlei Hektik und<\/p>\n","protected":false},"author":1,"featured_media":0,"parent":0,"menu_order":0,"comment_status":"closed","ping_status":"closed","template":"","meta":{"_mo_disable_npp":"","jetpack_post_was_ever_published":false,"footnotes":""},"class_list":["post-378","page","type-page","status-publish","hentry"],"aioseo_notices":[],"jetpack_sharing_enabled":true,"jetpack_shortlink":"https:\/\/wp.me\/P9C8Ba-66","jetpack_likes_enabled":true,"post_mailing_queue_ids":[],"_links":{"self":[{"href":"https:\/\/www.erdmann-flohmaerkte.de\/wordpress\/wp-json\/wp\/v2\/pages\/378","targetHints":{"allow":["GET"]}}],"collection":[{"href":"https:\/\/www.erdmann-flohmaerkte.de\/wordpress\/wp-json\/wp\/v2\/pages"}],"about":[{"href":"https:\/\/www.erdmann-flohmaerkte.de\/wordpress\/wp-json\/wp\/v2\/types\/page"}],"author":[{"embeddable":true,"href":"https:\/\/www.erdmann-flohmaerkte.de\/wordpress\/wp-json\/wp\/v2\/users\/1"}],"replies":[{"embeddable":true,"href":"https:\/\/www.erdmann-flohmaerkte.de\/wordpress\/wp-json\/wp\/v2\/comments?post=378"}],"version-history":[{"count":1,"href":"https:\/\/www.erdmann-flohmaerkte.de\/wordpress\/wp-json\/wp\/v2\/pages\/378\/revisions"}],"predecessor-version":[{"id":379,"href":"https:\/\/www.erdmann-flohmaerkte.de\/wordpress\/wp-json\/wp\/v2\/pages\/378\/revisions\/379"}],"wp:attachment":[{"href":"https:\/\/www.erdmann-flohmaerkte.de\/wordpress\/wp-json\/wp\/v2\/media?parent=378"}],"curies":[{"name":"wp","href":"https:\/\/api.w.org\/{rel}","templated":true}]}}