{"id":380,"date":"2018-01-31T13:50:36","date_gmt":"2018-01-31T12:50:36","guid":{"rendered":"http:\/\/www.erdmann-flohmaerkte.de\/wordpress\/?page_id=380"},"modified":"2018-01-31T13:50:36","modified_gmt":"2018-01-31T12:50:36","slug":"erdmann-sucht","status":"publish","type":"page","link":"https:\/\/www.erdmann-flohmaerkte.de\/wordpress\/erdmann-sucht\/","title":{"rendered":"Erdmann sucht"},"content":{"rendered":"<p><strong>Flohmarkt-Gel\u00e4nde &#8211; Locations aller Art<\/strong><\/p>\n<p>Planen Sie ein Stadtfest, Jubil\u00e4um, Gemeinde- oder Firmen-Event, das durch einen Flohmarkt sinnvoll erg\u00e4nzt w\u00fcrde? Kennen Sie ein Gel\u00e4nde oder Geb\u00e4ude, das sich f\u00fcr regelm\u00e4\u00dfige Flohmarkt-Veranstaltungen eignet? Dann sollten Sie sich mit uns in Verbindung setzen!<br \/>\nDie Firma Erdmann z\u00e4hlt zu den gro\u00dfen Veranstaltern im s\u00fcdlichen Niedersachsen und verf\u00fcgt \u00fcber eine langj\u00e4hrige Erfahrung im Organisieren von Events aller Art. Schwerpunkt unserer T\u00e4tigkeit ist die Durchf\u00fchrung von Floh-, Tr\u00f6del- und Antikm\u00e4rkten, die wir zu einem besonderen Erlebnis f\u00fcr die ganze Familie machen. Unser bew\u00e4hrter Mitarbeiterstab \u201evor Ort\u201c, gro\u00dfz\u00fcgige Anzeigenschaltung und Plakatierung sowie eine eigene Presseabteilung sorgen daf\u00fcr, dass auch Gro\u00dfereignisse zur vollsten Zufriedenheit aller Beteiligten verlaufen.<br \/>\nF\u00fcr die Zukunft haben wir noch einiges vor. Zur Zeit suchen wir f\u00fcr unsere M\u00e4rkte Locations in einer Entfernung von bis zu ca. 150 km von Wolfenb\u00fcttel: Gr\u00fcnanlagen, Sch\u00fctzenpl\u00e4tze, Firmen-Parkpl\u00e4tze, Parkdecks, Tiefgaragen, leerstehende Fabrikhallen und, und, und. Unser besonderes Augenmerk gilt hierbei ganz oder teil\u00fcberdachten Fl\u00e4chen.<br \/>\nVerf\u00fcgen Sie \u00fcber ein solches Gel\u00e4nde, das Sie mit Wochenendveranstaltungen beleben wollen? Suchen Sie eine zus\u00e4tzliche Einnahmequelle f\u00fcr eine von Freitag- bzw. Samstagabend bis Montagmorgen oder gar ganz brachliegende Fl\u00e4che? Oder kennen Sie jemanden, der \u00fcber eine geeignete Location verf\u00fcgt und an unserem Angebot interessiert sein k\u00f6nnte?<br \/>\nSetzen Sie sich mit uns in Verbindung! Entweder per Mail mit einer kurzen Beschreibung Ihres Angebots (ggf. Telefonnummer und Ansprechpartner nicht vergessen!) oder ganz einfach per Telefon. Herr Erdmann pers\u00f6nlich steht f\u00fcr Ihr Anliegen auch au\u00dferhalb der regul\u00e4ren Gesch\u00e4ftszeiten jederzeit zur Verf\u00fcgung. Dass wir Vermittlern im Erfolgsfall gern eine angemessene Provision verg\u00fcten, versteht sich von selbst\u2026<\/p>\n<p><strong>H\u00e4ndler gesucht!<\/strong><\/p>\n<p>F\u00fcr verschiedene M\u00e4rkte suchen wir derzeit H\u00e4ndler f\u00fcr folgende Warengruppen bzw. H\u00e4ndler, die \u00fcber einen entsprechenden Stand oder Verkaufswagen verf\u00fcgen:<\/p>\n<p>\u2022 Imbiss (Vollsortiment)<br \/>\n\u2022 Gulaschkanone<br \/>\n\u2022 D\u00f6ner<br \/>\n\u2022 Griechische Spezialit\u00e4ten<br \/>\n\u2022 Speiseeis<br \/>\n\u2022 Obst<br \/>\n\u2022 Geschenkartikel<\/p>\n","protected":false},"excerpt":{"rendered":"<p>Flohmarkt-Gel\u00e4nde &#8211; Locations aller Art Planen Sie ein Stadtfest, Jubil\u00e4um, Gemeinde- oder Firmen-Event, das durch einen Flohmarkt sinnvoll erg\u00e4nzt w\u00fcrde? Kennen Sie ein Gel\u00e4nde oder<\/p>\n","protected":false},"author":1,"featured_media":0,"parent":0,"menu_order":0,"comment_status":"closed","ping_status":"closed","template":"","meta":{"_mo_disable_npp":"","jetpack_post_was_ever_published":false,"footnotes":""},"class_list":["post-380","page","type-page","status-publish","hentry"],"aioseo_notices":[],"jetpack_sharing_enabled":true,"jetpack_shortlink":"https:\/\/wp.me\/P9C8Ba-68","jetpack_likes_enabled":true,"post_mailing_queue_ids":[],"_links":{"self":[{"href":"https:\/\/www.erdmann-flohmaerkte.de\/wordpress\/wp-json\/wp\/v2\/pages\/380","targetHints":{"allow":["GET"]}}],"collection":[{"href":"https:\/\/www.erdmann-flohmaerkte.de\/wordpress\/wp-json\/wp\/v2\/pages"}],"about":[{"href":"https:\/\/www.erdmann-flohmaerkte.de\/wordpress\/wp-json\/wp\/v2\/types\/page"}],"author":[{"embeddable":true,"href":"https:\/\/www.erdmann-flohmaerkte.de\/wordpress\/wp-json\/wp\/v2\/users\/1"}],"replies":[{"embeddable":true,"href":"https:\/\/www.erdmann-flohmaerkte.de\/wordpress\/wp-json\/wp\/v2\/comments?post=380"}],"version-history":[{"count":1,"href":"https:\/\/www.erdmann-flohmaerkte.de\/wordpress\/wp-json\/wp\/v2\/pages\/380\/revisions"}],"predecessor-version":[{"id":381,"href":"https:\/\/www.erdmann-flohmaerkte.de\/wordpress\/wp-json\/wp\/v2\/pages\/380\/revisions\/381"}],"wp:attachment":[{"href":"https:\/\/www.erdmann-flohmaerkte.de\/wordpress\/wp-json\/wp\/v2\/media?parent=380"}],"curies":[{"name":"wp","href":"https:\/\/api.w.org\/{rel}","templated":true}]}}