{"id":384,"date":"2018-01-31T13:53:41","date_gmt":"2018-01-31T12:53:41","guid":{"rendered":"http:\/\/www.erdmann-flohmaerkte.de\/wordpress\/?page_id=384"},"modified":"2018-01-31T13:55:01","modified_gmt":"2018-01-31T12:55:01","slug":"flohmarkttipps","status":"publish","type":"page","link":"https:\/\/www.erdmann-flohmaerkte.de\/wordpress\/flohmarkttipps\/","title":{"rendered":"Flohmarkttipps"},"content":{"rendered":"<h3><a class=\"media\" title=\"\" href=\"http:\/\/www.erdmann-flohmaerkte.de\/content\/227.jpg\" target=\"plain\" rel=\"nofollow\" data-rel=\"lightbox-gallery-7blExanA\" data-rl_title=\"\" data-rl_caption=\"\"><img decoding=\"async\" class=\"mediaright\" src=\"http:\/\/www.erdmann-flohmaerkte.de\/lib\/exe\/fetch.php?w=320&amp;media=:erdmann:165.jpg\" alt=\"\" width=\"320\" align=\"right\" \/><\/a> <strong>Dein erstes Mal vergisst Du nie&#8230;<\/strong><\/h3>\n<p><strong> Tipps f\u00fcr Flohmarkt-Newbies<\/strong><\/p>\n<p><strong>B\u00fccher, die man aus Platzgr\u00fcnden aus dem Regal aussortiert hat, Elektroger\u00e4te, die zwar noch funktionsf\u00e4hig sind, aber durch neue ersetzt wurden, Kleidungsst\u00fccke, die nicht mehr so richtig passen, das ererbte Kaffeeservice von der Gro\u00dftante, f\u00fcr das man keine Verwendung hat &#8211; schon erstaunlich, was sich im Laufe der Jahre in einem Haushalt so alles ansammelt und dann, s\u00e4uberlich in Kartons verstaut, im Keller oder auf dem Dachboden landet. Wenn&#8217;s irgendwann auch dort langsam \u201eeng\u201c wird, beginnt sich oftmals ein Gedanke im Hinterkopf einzunisten: \u201eMensch, eigentlich k\u00f6nnte ich mit dem ganzen Krempel doch mal einen Flohmarktstand aufmachen\u2026\u201e<\/strong><\/p>\n<p>Was man selbst nicht mehr braucht, kann f\u00fcr andere durchaus noch von Wert sein.<br \/>\nHunderttausende oder gar Millionen von Menschen streifen Woche f\u00fcr Woche \u00fcber die Flohm\u00e4rkte ihrer jeweiligen Region und halten Ausschau nach Schn\u00e4ppchen aller Art. Gesucht wird nach wie vor alles, was sammelw\u00fcrdig ist, aber vor allem auch Dinge und Ger\u00e4te des t\u00e4glichen Gebrauchs. Besonders gefragt ist Kleidung &#8211; Second-Hand-Klamotten haben l\u00e4ngst das Image der Zweitklassigkeit verloren.<\/p>\n<p>Wer zum ersten Mal sein Angebot einer breiten \u00d6ffentlichkeit pr\u00e4sentieren m\u00f6chte, der stellt sich vor allem eine Frage: Welcher Flohmarkt ist der richtige f\u00fcr mich? Darauf gibt es leider keine pauschale Antwort, sondern nur den Rat, dem Gef\u00fchl zu vertrauen. Hilfreich ist es, die \u201eMarkt-Kandidaten\u201c zuvor einmal in Augenschein zu nehmen, am besten in der Zeit zwischen 10 und 13 Uhr, in der \u00fcblicherweise am meisten Betrieb herrscht. Gibt es ein breites, gut sortiertes Warenangebot, das nicht von Neuware dominiert wird? Herrscht ein ordentliches Besuchergedr\u00e4ngel? Ist der Flohmarkt auch in einiger Entfernung vom eigentlichen Ort des Geschehens gut ausgeschildert und ohne Probleme zu finden? Wird an das leibliche Wohl der Besucher und H\u00e4ndler gedacht, sind die Imbiss-Wagen sauber und gepflegt? Wenn sich all diese Fragen mit einem klaren \u201eJa\u201c beantworten lassen, dann haben Sie \u201eIhren\u201c Flohmarkt vielleicht schon gefunden.<\/p>\n<p><strong>Der Tapeziertisch bleibt erste Wahl<\/strong><\/p>\n<p>Eine vorherige Anmeldung beim Veranstalter wird, zumal bei den sommerlichen Open-Air-M\u00e4rkten, in den seltensten F\u00e4llen erforderlich sein &#8211; geworben wird meist mit dem Motto \u201eEinfach kommen und mitmachen\u201c. Anders kann es sich bei gut frequentierten Hallenm\u00e4rkten mit begrenztem Platzangebot verhalten. Im Zweifelsfall sollte man sich zuvor auf der Veranstalter-Website informieren oder w\u00e4hrend eines Besuchs das Ordnungspersonal ansprechen. Ansonsten sichert fr\u00fches Erscheinen die besten Pl\u00e4tze. Zwischen 6 und 7 Uhr ist eine gute Zeit, um mit dem Aufbau seines Standes zu beginnen, alte Flohmarkt-Hasen kommen gern auch noch ein bisschen fr\u00fcher.<\/p>\n<p>Dar\u00fcber, wie man seine Ware am besten pr\u00e4sentiert, herrschen geteilte Meinungen. Manche schw\u00f6ren auf schlichte Bananenkartons, die einfach in m\u00f6glichst gro\u00dfer Anzahl auf den Boden gestellt werden und Besucher zum W\u00fchlen einladen. Andere bevorzugen Tische und geben sich beim Ausbreiten ihrer Sch\u00e4tze gr\u00f6\u00dfte M\u00fche. Erste Wahl wird in den meisten F\u00e4llen aber der klassische Tapeziertisch sein, der dann die ebenfalls klassische Standl\u00e4nge von drei Metern ergibt, bei der das Verbleiben des Autos hinter dem Warenangebot normalerweise im Preis inbegriffen ist. Fast \u00fcberall ist es auch m\u00f6glich, ohne Aufpreis zwei Tapeziertische hintereinander aufzustellen und so mehr Standtiefe zu gewinnen.<\/p>\n<p><strong>Wichtig: gen\u00fcgend Kleingeld<\/strong><\/p>\n<p>Wer nicht den ganzen Tag hinter seinem Stand stehen m\u00f6chte, sollte nicht vergessen, f\u00fcr sich und seine Begleitung Klappst\u00fchle mitzunehmen. Und ganz weit oben auf der Liste der mitzunehmenden Dinge steht ein ordentlicher Vorrat an Kleingeld, an das potentielle Kunden leider nicht immer denken. Wenn der erste Interessent fr\u00fchmorgens sein Portemonnaie z\u00fcckt und bedauernd feststellt, dass er nur mit einem 50-Euro-Schein dienen kann, werden Sie f\u00fcr diesen Ratschlag dankbar sein.<\/p>\n<p>Ob man Getr\u00e4nke und belegte Brote mitnimmt oder lieber auf das Gastronomieangebot des Veranstalters vertraut, bleibt jedem selbst \u00fcberlassen. Auf vielen Flohm\u00e4rkten gibt es spezielle Angebote f\u00fcr H\u00e4ndler, etwa bis 9 oder 10 Uhr ein H\u00e4ndlerfr\u00fchst\u00fcck im Bereich zwischen zwei und drei Euro. Mitunter wird auch in den Morgenstunden der Becher Kaffee, Tee oder Kakao an Anbieter f\u00fcr 50 Cent und damit zum halben Preis abgegeben. Entsprechende Hinweise findet man oft auf den Veranstalter-Homepages.<\/p>\n<p><strong>Gelegenheit macht Diebe<\/strong><\/p>\n<p>Letzter Rat: Behalten Sie Ihr Warenangebot im Auge. Wenn Sie Ihren Stand allein betreiben, sollten Sie beizeiten Kontakt zu Ihren Nachbarn suchen und diese bitten, in Ihrer Abwesenheit (gelegentliche G\u00e4nge zur Toilette werden sich nicht vermeiden lassen) auf ihre Sch\u00e4tze zu achten. Nein, Flohm\u00e4rkte sind durchaus kein Tummelplatz f\u00fcr Langfinger, aber Gelegenheit macht Diebe, und Vorsicht ist bekanntlich die Mutter der Porzellankiste\u2026<\/p>\n<p>Alles klar? Dann viel Spa\u00df und vor allem gute Ums\u00e4tze bei Ihrer Flohmarkt-Premiere!<\/p>\n","protected":false},"excerpt":{"rendered":"<p>Dein erstes Mal vergisst Du nie&#8230; Tipps f\u00fcr Flohmarkt-Newbies B\u00fccher, die man aus Platzgr\u00fcnden aus dem Regal aussortiert hat, Elektroger\u00e4te, die zwar noch funktionsf\u00e4hig sind,<\/p>\n","protected":false},"author":1,"featured_media":0,"parent":0,"menu_order":0,"comment_status":"closed","ping_status":"closed","template":"","meta":{"_mo_disable_npp":"","jetpack_post_was_ever_published":false,"footnotes":""},"class_list":["post-384","page","type-page","status-publish","hentry"],"aioseo_notices":[],"jetpack_sharing_enabled":true,"jetpack_shortlink":"https:\/\/wp.me\/P9C8Ba-6c","jetpack_likes_enabled":true,"post_mailing_queue_ids":[],"_links":{"self":[{"href":"https:\/\/www.erdmann-flohmaerkte.de\/wordpress\/wp-json\/wp\/v2\/pages\/384","targetHints":{"allow":["GET"]}}],"collection":[{"href":"https:\/\/www.erdmann-flohmaerkte.de\/wordpress\/wp-json\/wp\/v2\/pages"}],"about":[{"href":"https:\/\/www.erdmann-flohmaerkte.de\/wordpress\/wp-json\/wp\/v2\/types\/page"}],"author":[{"embeddable":true,"href":"https:\/\/www.erdmann-flohmaerkte.de\/wordpress\/wp-json\/wp\/v2\/users\/1"}],"replies":[{"embeddable":true,"href":"https:\/\/www.erdmann-flohmaerkte.de\/wordpress\/wp-json\/wp\/v2\/comments?post=384"}],"version-history":[{"count":2,"href":"https:\/\/www.erdmann-flohmaerkte.de\/wordpress\/wp-json\/wp\/v2\/pages\/384\/revisions"}],"predecessor-version":[{"id":386,"href":"https:\/\/www.erdmann-flohmaerkte.de\/wordpress\/wp-json\/wp\/v2\/pages\/384\/revisions\/386"}],"wp:attachment":[{"href":"https:\/\/www.erdmann-flohmaerkte.de\/wordpress\/wp-json\/wp\/v2\/media?parent=384"}],"curies":[{"name":"wp","href":"https:\/\/api.w.org\/{rel}","templated":true}]}}